{"id":56,"date":"2020-12-02T10:40:35","date_gmt":"2020-12-02T09:40:35","guid":{"rendered":"http:\/\/komunitne-centrum.sk\/?page_id=56"},"modified":"2021-03-02T18:14:28","modified_gmt":"2021-03-02T17:14:28","slug":"cinnost-s-detmi-od-3-do-6-rokov","status":"publish","type":"page","link":"https:\/\/komunitne-centrum.sk\/index.php\/cinnost-s-detmi-od-3-do-6-rokov\/","title":{"rendered":"\u010cinnos\u0165 s de\u0165mi od 3 do 6 rokov"},"content":{"rendered":"\n<p>U\u017e v apr\u00edli 2007 za\u010dala fungova\u0165 pravideln\u00e1 \u010dinnos\u0165 s de\u0165mi pred\u0161kolsk\u00e9ho veku. \u010cinnos\u0165 det\u00ed v komunitnom centre prebieha v \u010dase od 9,00 do 12,00 hod. Priemern\u00e1 n\u00e1v\u0161tevnos\u0165 je 13 det\u00ed. Cie\u013eom tejto \u010dinnosti je osobnostn\u00fd rozvoj det\u00ed. Zameriavame sa nielen na vzdel\u00e1vanie, ale aj na v\u00fdchovu a sna\u017e\u00edme sa \u010do najlep\u0161ie pripravi\u0165 deti na povinn\u00fa \u0161kolsk\u00fa doch\u00e1dzku. Jednotliv\u00e9 \u010dinnosti s de\u0165mi s\u00fa zameran\u00e9 na rozvoj pozn\u00e1vac\u00edch schopnost\u00ed, myslenia, fant\u00e1zie a tvorivosti\u2026<\/p>\n\n\n\n<p>Rozvoj fyzick\u00fdch zru\u010dnost\u00ed je zameran\u00fd na rozvoj hrubej motoriky, predov\u0161etk\u00fdm v r\u00e1mci rann\u00e9ho cvi\u010denia (ch\u00f4dza po kladine, ch\u00f4dza po \u0161ikmej plo\u0161ine, po hrbo\u013eatom ter\u00e9ne, preliezky, \u2026), na rozvoj jemnej motoriky (navliekanie kor\u00e1lok, \u017emolenie, chytanie mali\u010dk\u00fdch predmetov do prstov, \u2026). Spolu\u017eitie v detskom kolekt\u00edve je pre deti ve\u013emi d\u00f4le\u017eit\u00e9. U\u010dia sa spolu komunikova\u0165, spolupracova\u0165 pri jednotliv\u00fdch \u010dinnostiach, u\u010dia sa spr\u00e1vne rie\u0161i\u0165 vz\u00e1jomn\u00e9 konflikty, navz\u00e1jom si pom\u00e1ha\u0165 a pod.<\/p>\n\n\n\n<p>Okrem toho u det\u00ed vytv\u00e1rame a podporujeme spr\u00e1vne hygienick\u00e9 n\u00e1vyky, u\u010d\u00edme ich z\u00e1sad\u00e1m stolovania a slu\u0161n\u00e9ho spr\u00e1vania (\u010fakujem, pros\u00edm, prep\u00e1\u010d, m\u00e1m \u0165a r\u00e1d \u2026.) &nbsp;&nbsp;&nbsp;&nbsp;&nbsp;&nbsp;&nbsp;<\/p>\n\n\n\n<p>Pre deti priebe\u017ene pripravujeme aktivity s\u00favisiace s v\u00fdznamn\u00fdmi d\u0148ami, v\u00fdro\u010diami, \u010di sviatkami, ako napr. Mikul\u00e1\u0161, Vianoce, Fa\u0161iangy- karneval, De\u0148 matiek, De\u0148 det\u00ed, De\u0148 Zeme, rozl\u00fa\u010dka s \u201epred\u0161kol\u00e1kmi\u201c a pod. V spolupr\u00e1ci s Mestskou pol\u00edciou sa zap\u00e1jame tie\u017e do projektu \u201eMacko U\u0161ko v meste\u201c, ktor\u00fd je zameran\u00fd na bezpe\u010dnos\u0165 det\u00ed na cest\u00e1ch.&nbsp;&nbsp;&nbsp;&nbsp;&nbsp;&nbsp;&nbsp;&nbsp;&nbsp;&nbsp;&nbsp;&nbsp;&nbsp;&nbsp;&nbsp;&nbsp;&nbsp;&nbsp;&nbsp;&nbsp;<\/p>\n\n\n\n<p>\u010cinnos\u0165 v komunitnom centre s de\u0165mi pred\u0161kolsk\u00e9ho veku je zameran\u00e1 na podporu osobnostn\u00e9ho rozvoja det\u00ed v oblasti soci\u00e1lno-emocion\u00e1lnej, intelektu\u00e1lnej, telesnej, mor\u00e1lnej, estetickej, rozv\u00edjanie schopnost\u00ed a zru\u010dnost\u00ed a utv\u00e1ra predpoklady na \u010fal\u0161ie vzdel\u00e1vanie.&nbsp;&nbsp;&nbsp;&nbsp;&nbsp;<\/p>\n","protected":false},"excerpt":{"rendered":"<p>U\u017e v apr\u00edli 2007 za\u010dala fungova\u0165 pravideln\u00e1 \u010dinnos\u0165 s de\u0165mi pred\u0161kolsk\u00e9ho veku. \u010cinnos\u0165 det\u00ed v komunitnom centre prebieha v \u010dase od 9,00 do 12,00 hod. Priemern\u00e1 n\u00e1v\u0161tevnos\u0165 je 13 det\u00ed. Cie\u013eom tejto \u010dinnosti je osobnostn\u00fd rozvoj det\u00ed. Zameriavame sa nielen na vzdel\u00e1vanie, ale aj na v\u00fdchovu a sna\u017e\u00edme sa \u010do [&hellip;]<\/p>\n","protected":false},"author":3,"featured_media":200,"parent":0,"menu_order":0,"comment_status":"closed","ping_status":"closed","template":"","meta":{"footnotes":""},"class_list":["post-56","page","type-page","status-publish","has-post-thumbnail","hentry"],"_links":{"self":[{"href":"https:\/\/komunitne-centrum.sk\/index.php\/wp-json\/wp\/v2\/pages\/56","targetHints":{"allow":["GET"]}}],"collection":[{"href":"https:\/\/komunitne-centrum.sk\/index.php\/wp-json\/wp\/v2\/pages"}],"about":[{"href":"https:\/\/komunitne-centrum.sk\/index.php\/wp-json\/wp\/v2\/types\/page"}],"author":[{"embeddable":true,"href":"https:\/\/komunitne-centrum.sk\/index.php\/wp-json\/wp\/v2\/users\/3"}],"replies":[{"embeddable":true,"href":"https:\/\/komunitne-centrum.sk\/index.php\/wp-json\/wp\/v2\/comments?post=56"}],"version-history":[{"count":2,"href":"https:\/\/komunitne-centrum.sk\/index.php\/wp-json\/wp\/v2\/pages\/56\/revisions"}],"predecessor-version":[{"id":195,"href":"https:\/\/komunitne-centrum.sk\/index.php\/wp-json\/wp\/v2\/pages\/56\/revisions\/195"}],"wp:featuredmedia":[{"embeddable":true,"href":"https:\/\/komunitne-centrum.sk\/index.php\/wp-json\/wp\/v2\/media\/200"}],"wp:attachment":[{"href":"https:\/\/komunitne-centrum.sk\/index.php\/wp-json\/wp\/v2\/media?parent=56"}],"curies":[{"name":"wp","href":"https:\/\/api.w.org\/{rel}","templated":true}]}}