{"id":44,"date":"2020-12-02T10:25:01","date_gmt":"2020-12-02T09:25:01","guid":{"rendered":"http:\/\/komunitne-centrum.sk\/?page_id=44"},"modified":"2021-03-02T18:53:53","modified_gmt":"2021-03-02T17:53:53","slug":"stredisko-osobnej-hygieny","status":"publish","type":"page","link":"https:\/\/komunitne-centrum.sk\/index.php\/stredisko-osobnej-hygieny\/","title":{"rendered":"Stredisko osobnej hygieny"},"content":{"rendered":"\n<p>V r\u00e1mci podporn\u00fdch slu\u017eieb bolo zriaden\u00e9 Stredisko osobnej hygieny a Pr\u00e1\u010dov\u0148a, \u0160portov\u00e1 1190\/2, 031 01 Liptovsk\u00fd Mikul\u00e1\u0161i, ako \u00fa\u010delov\u00e9 zariadenie mesta Liptovsk\u00fd Mikul\u00e1\u0161.<\/p>\n\n\n\n<p>&nbsp;&nbsp; V zariaden\u00ed sa poskytuj\u00fa soci\u00e1lne slu\u017eby ob\u010danom s trval\u00fdm pobytom v meste Liptovsk\u00fd Mikul\u00e1\u0161, aj ob\u010danom s trval\u00fdm pobytom mimo mesta Liptovsk\u00fd Mikul\u00e1\u0161, ktor\u00ed sa ocitli v soci\u00e1lnej n\u00fadzi, pr\u00edpadne v hmotnej n\u00fadzi, alebo s\u00fa bez pr\u00edstre\u0161ia.<\/p>\n\n\n\n<p>&nbsp;&nbsp;&nbsp;&nbsp;&nbsp;&nbsp;&nbsp;V stredisku osobnej hygieny a v pr\u00e1\u010dovni sa poskytuj\u00fa slu\u017eby v pracovn\u00fdch d\u0148och od 8,00hod. do 16,00 hod. a v \u010dase prev\u00e1dzkov\u00fdch hod\u00edn noc\u013eah\u00e1rne, pre prij\u00edmate\u013eov soci\u00e1lnej slu\u017eby noc\u013eah\u00e1rne.<\/p>\n\n\n\n<p>&nbsp;&nbsp; Na vykonanie osobnej hygieny si ka\u017ed\u00fd klient prinesie potrebn\u00e9 veci (uter\u00e1k, hygienick\u00e9 potreby). Len vo v\u00fdnimo\u010dn\u00fdch pr\u00edpadoch, m\u00f4\u017eu by\u0165 klientovi tieto potreby poskytnut\u00e9. Na vypranie \u0161atstva a bielizne si ka\u017ed\u00fd klient prinesie potrebn\u00fd pr\u00e1\u0161ok na pranie.&nbsp;&nbsp;&nbsp;&nbsp;<\/p>\n\n\n\n<p>&nbsp;&nbsp;&nbsp;&nbsp;&nbsp;&nbsp;Pri vyu\u017e\u00edvan\u00ed slu\u017eieb strediska osobnej hygieny, alebo pr\u00e1\u010dovne, je v\u017edy pr\u00edtomn\u00fd slu\u017ebukonaj\u00faci pracovn\u00edk, ktor\u00fd zinkasuje poplatok, vypln\u00ed pr\u00edjmov\u00fd pokladni\u010dn\u00fd doklad a spust\u00ed pranie.<\/p>\n\n\n\n<p>&nbsp;&nbsp;&nbsp;&nbsp;&nbsp;&nbsp;&nbsp;&nbsp;&nbsp;&nbsp;&nbsp;&nbsp;Poplatky za poskytnut\u00e9 podporn\u00e9 slu\u017eby v stredisku osobnej hygieny a pr\u00e1\u010dovne, s\u00fa pod\u013ea zverejnen\u00e9ho cenn\u00edka slu\u017eieb.&nbsp;<\/p>\n","protected":false},"excerpt":{"rendered":"<p>V r\u00e1mci podporn\u00fdch slu\u017eieb bolo zriaden\u00e9 Stredisko osobnej hygieny a Pr\u00e1\u010dov\u0148a, \u0160portov\u00e1 1190\/2, 031 01 Liptovsk\u00fd Mikul\u00e1\u0161i, ako \u00fa\u010delov\u00e9 zariadenie mesta Liptovsk\u00fd Mikul\u00e1\u0161. &nbsp;&nbsp; V zariaden\u00ed sa poskytuj\u00fa soci\u00e1lne slu\u017eby ob\u010danom s trval\u00fdm pobytom v meste Liptovsk\u00fd Mikul\u00e1\u0161, aj ob\u010danom s trval\u00fdm pobytom mimo mesta Liptovsk\u00fd Mikul\u00e1\u0161, ktor\u00ed sa ocitli [&hellip;]<\/p>\n","protected":false},"author":3,"featured_media":213,"parent":0,"menu_order":0,"comment_status":"closed","ping_status":"closed","template":"","meta":{"footnotes":""},"class_list":["post-44","page","type-page","status-publish","has-post-thumbnail","hentry"],"_links":{"self":[{"href":"https:\/\/komunitne-centrum.sk\/index.php\/wp-json\/wp\/v2\/pages\/44","targetHints":{"allow":["GET"]}}],"collection":[{"href":"https:\/\/komunitne-centrum.sk\/index.php\/wp-json\/wp\/v2\/pages"}],"about":[{"href":"https:\/\/komunitne-centrum.sk\/index.php\/wp-json\/wp\/v2\/types\/page"}],"author":[{"embeddable":true,"href":"https:\/\/komunitne-centrum.sk\/index.php\/wp-json\/wp\/v2\/users\/3"}],"replies":[{"embeddable":true,"href":"https:\/\/komunitne-centrum.sk\/index.php\/wp-json\/wp\/v2\/comments?post=44"}],"version-history":[{"count":2,"href":"https:\/\/komunitne-centrum.sk\/index.php\/wp-json\/wp\/v2\/pages\/44\/revisions"}],"predecessor-version":[{"id":219,"href":"https:\/\/komunitne-centrum.sk\/index.php\/wp-json\/wp\/v2\/pages\/44\/revisions\/219"}],"wp:featuredmedia":[{"embeddable":true,"href":"https:\/\/komunitne-centrum.sk\/index.php\/wp-json\/wp\/v2\/media\/213"}],"wp:attachment":[{"href":"https:\/\/komunitne-centrum.sk\/index.php\/wp-json\/wp\/v2\/media?parent=44"}],"curies":[{"name":"wp","href":"https:\/\/api.w.org\/{rel}","templated":true}]}}